{"id":28,"date":"2020-11-05T17:40:03","date_gmt":"2020-11-05T16:40:03","guid":{"rendered":"http:\/\/www.amshc.gov.al\/kkshc\/?page_id=28"},"modified":"2022-06-16T07:56:55","modified_gmt":"2022-06-16T05:56:55","slug":"rreth-keshillit","status":"publish","type":"page","link":"https:\/\/amshc.gov.al\/kkshc\/?page_id=28","title":{"rendered":"Rreth K\u00ebshillit"},"content":{"rendered":"\n<p>KKSHC-ja \u00ebsht\u00eb organ kolegjial k\u00ebshillimor, autonom, pran\u00eb K\u00ebshillit t\u00eb Ministrave t\u00eb Republik\u00ebs s\u00eb Shqip\u00ebris\u00eb.<\/p>\n\n\n\n<p>KKSHC-ja organizohet dhe funksionon n\u00eb baz\u00eb t\u00eb k\u00ebtij ligji dhe rregullores s\u00eb vet t\u00eb organizimit dhe funksionimit.<\/p>\n\n\n\n<p>Rregullorja p\u00ebrcakton rregulla t\u00eb detajuara p\u00ebr thirrjen, njoftimin dhe organizimin e mbledhjes s\u00eb KKSHC-s\u00eb, si dhe rregulla t\u00eb tjera t\u00eb nevojshme t\u00eb organizimit dhe funksionimit.<\/p>\n\n\n\n<p>KKSHC-ja p\u00ebrb\u00ebhet nga 27 an\u00ebtar\u00eb, nga t\u00eb cil\u00ebt 13 p\u00ebrfaq\u00ebsues t\u00eb institucioneve publike, 13 p\u00ebrfaq\u00ebsues t\u00eb OJF-ve dhe 1 p\u00ebrfaq\u00ebsues nga komuniteti i biznesit, an\u00ebtar i K\u00ebshillit Ekonomik Komb\u00ebtar.<\/p>\n","protected":false},"excerpt":{"rendered":"<p>KKSHC-ja \u00ebsht\u00eb organ kolegjial k\u00ebshillimor, autonom, pran\u00eb K\u00ebshillit t\u00eb Ministrave t\u00eb Republik\u00ebs s\u00eb Shqip\u00ebris\u00eb. KKSHC-ja organizohet dhe funksionon n\u00eb baz\u00eb t\u00eb k\u00ebtij ligji dhe rregullores s\u00eb vet t\u00eb organizimit dhe funksionimit. Rregullorja p\u00ebrcakton rregulla t\u00eb detajuara p\u00ebr thirrjen, njoftimin dhe organizimin e mbledhjes s\u00eb KKSHC-s\u00eb, si dhe rregulla t\u00eb tjera t\u00eb nevojshme t\u00eb organizimit dhe [&hellip;]<\/p>\n","protected":false},"author":1,"featured_media":0,"parent":0,"menu_order":0,"comment_status":"closed","ping_status":"closed","template":"","meta":[],"_links":{"self":[{"href":"https:\/\/amshc.gov.al\/kkshc\/index.php?rest_route=\/wp\/v2\/pages\/28"}],"collection":[{"href":"https:\/\/amshc.gov.al\/kkshc\/index.php?rest_route=\/wp\/v2\/pages"}],"about":[{"href":"https:\/\/amshc.gov.al\/kkshc\/index.php?rest_route=\/wp\/v2\/types\/page"}],"author":[{"embeddable":true,"href":"https:\/\/amshc.gov.al\/kkshc\/index.php?rest_route=\/wp\/v2\/users\/1"}],"replies":[{"embeddable":true,"href":"https:\/\/amshc.gov.al\/kkshc\/index.php?rest_route=%2Fwp%2Fv2%2Fcomments&post=28"}],"version-history":[{"count":3,"href":"https:\/\/amshc.gov.al\/kkshc\/index.php?rest_route=\/wp\/v2\/pages\/28\/revisions"}],"predecessor-version":[{"id":348,"href":"https:\/\/amshc.gov.al\/kkshc\/index.php?rest_route=\/wp\/v2\/pages\/28\/revisions\/348"}],"wp:attachment":[{"href":"https:\/\/amshc.gov.al\/kkshc\/index.php?rest_route=%2Fwp%2Fv2%2Fmedia&parent=28"}],"curies":[{"name":"wp","href":"https:\/\/api.w.org\/{rel}","templated":true}]}}